{"id":1205,"date":"2022-11-02T12:58:04","date_gmt":"2022-11-02T18:58:04","guid":{"rendered":"https:\/\/victorcovarrubias.com\/?page_id=1205"},"modified":"2023-12-15T15:26:29","modified_gmt":"2023-12-15T21:26:29","slug":"curso-de-doblaje-en-cuernavaca-2","status":"publish","type":"page","link":"https:\/\/victorcovarrubias.com\/index.php\/curso-de-doblaje-en-cuernavaca-2\/","title":{"rendered":"Contacto"},"content":{"rendered":"\t\t<div data-elementor-type=\"wp-page\" data-elementor-id=\"1205\" class=\"elementor elementor-1205\">\n\t\t\t\t\t\t<div class=\"elementor-inner\">\n\t\t\t\t<div class=\"elementor-section-wrap\">\n\t\t\t\t\t\t\t\t\t<section class=\"elementor-section elementor-top-section elementor-element elementor-element-a1b784f elementor-section-boxed elementor-section-height-default elementor-section-height-default\" data-id=\"a1b784f\" data-element_type=\"section\">\n\t\t\t\t\t\t<div class=\"elementor-container elementor-column-gap-default\">\n\t\t\t\t\t\t\t<div class=\"elementor-row\">\n\t\t\t\t\t<div class=\"elementor-column elementor-col-100 elementor-top-column elementor-element elementor-element-e0c73e5\" data-id=\"e0c73e5\" data-element_type=\"column\">\n\t\t\t<div class=\"elementor-column-wrap elementor-element-populated\">\n\t\t\t\t\t\t\t<div class=\"elementor-widget-wrap\">\n\t\t\t\t\t\t<div class=\"elementor-element elementor-element-71fe600 elementor-hidden-widescreen elementor-hidden-desktop elementor-hidden-tablet elementor-hidden-mobile elementor-widget elementor-widget-text-editor\" data-id=\"71fe600\" data-element_type=\"widget\" data-widget_type=\"text-editor.default\">\n\t\t\t\t<div class=\"elementor-widget-container\">\n\t\t\t\t\t\t\t\t<div class=\"elementor-text-editor elementor-clearfix\">\n\t\t\t\t<h1>Curso de doblaje en Cuernavaca<\/h1><p><strong>Curso de doblaje<\/strong> en <strong>Cuernavaca Morelos M\u00e9xico<\/strong> con el <strong>Locutor, Actor y director de doblaje Victor Covarrubias.<\/strong> <strong>Victor Covarrubias<\/strong> tiene <strong>m\u00e1s de 30 a\u00f1os de experiencia en el medio del doblaje y la locuci\u00f3n<\/strong>. Del mismo modo cuenta con su propio <strong>estudio de grabaci\u00f3n profesiona<\/strong>l donde graba <strong>proyectos de doblaje y locuci\u00f3n<\/strong> con diversos clientes. Su estudio de grabaci\u00f3n es profesional y est\u00e1 listo para cualquier proyecto, ya sea un proyecto de doblaje de series, pel\u00edculas, documentales, narraciones o locuci\u00f3n. Cuenta con un equipo completo y adecuado para ofrecer su mejor trabajo en tiempo y forma para cualquier cliente y proyecto que se presente. Teniendo y contando con la experiencia de haber ya trabajado con muchos de los clientes.\u00a0<\/p><p>En el mismo <strong>estudio de grabaci\u00f3n de Victor Covarrubias<\/strong> se implementan los <strong>cursos de doblaje en Cuernavaca<\/strong>. Estos cursos de doblaje fueron creados por el mismo <strong>Victor Covarrubias<\/strong>. De tal forma, que los alumnos van integrando diferentes herramientas, t\u00e9cnicas y experiencia a lo largo del curso para que al final del este, Los alumnos conozcan y sepan trabajar en una <strong>cabina de doblaje<\/strong>, el c\u00f3mo se maneja un gui\u00f3n y tengan cierta desenvoltura al doblar contenido y proyectos diversos. El <strong>curso de doblaje en Cuernavaca<\/strong> cuenta con cuatro clases diferentes que se complementan entre s\u00ed. <strong>Clase de respiraci\u00f3n, clase de canto, clase de teatro y clase de cabina o doblaje<\/strong>. El curso de doblaje tiene una duraci\u00f3n de seis meses, y posteriormente hay cursos de especializaci\u00f3n con un mayor nivel y exigencia, donde <strong>Victor Covarrubias<\/strong> se enfoca en mejorar cada uno de los aspectos de cada alumno.\u00a0<\/p><p>Se puede pedir m\u00e1s informaci\u00f3n al numero de what&#8217;s app o al correo<\/p>\t\t\t\t\t<\/div>\n\t\t\t\t\t\t<\/div>\n\t\t\t\t<\/div>\n\t\t\t\t\t\t<\/div>\n\t\t\t\t\t<\/div>\n\t\t<\/div>\n\t\t\t\t\t\t\t\t<\/div>\n\t\t\t\t\t<\/div>\n\t\t<\/section>\n\t\t\t\t<section class=\"elementor-section elementor-top-section elementor-element elementor-element-975a0ea elementor-section-height-min-height elementor-section-boxed elementor-section-height-default elementor-section-items-middle\" data-id=\"975a0ea\" data-element_type=\"section\">\n\t\t\t\t\t\t<div class=\"elementor-container elementor-column-gap-default\">\n\t\t\t\t\t\t\t<div class=\"elementor-row\">\n\t\t\t\t\t<div class=\"elementor-column elementor-col-100 elementor-top-column elementor-element elementor-element-f7f6883\" data-id=\"f7f6883\" data-element_type=\"column\">\n\t\t\t<div class=\"elementor-column-wrap elementor-element-populated\">\n\t\t\t\t\t\t\t<div class=\"elementor-widget-wrap\">\n\t\t\t\t\t\t<section class=\"elementor-section elementor-inner-section elementor-element elementor-element-6f2625a elementor-reverse-mobile elementor-section-boxed elementor-section-height-default elementor-section-height-default\" data-id=\"6f2625a\" data-element_type=\"section\">\n\t\t\t\t\t\t<div class=\"elementor-container elementor-column-gap-default\">\n\t\t\t\t\t\t\t<div class=\"elementor-row\">\n\t\t\t\t\t<div class=\"elementor-column elementor-col-50 elementor-inner-column elementor-element elementor-element-f6a34ec\" data-id=\"f6a34ec\" data-element_type=\"column\" data-settings=\"{&quot;background_background&quot;:&quot;classic&quot;}\">\n\t\t\t<div class=\"elementor-column-wrap elementor-element-populated\">\n\t\t\t\t\t\t\t<div class=\"elementor-widget-wrap\">\n\t\t\t\t\t\t<div class=\"elementor-element elementor-element-72457ff elementor-widget elementor-widget-google_maps\" data-id=\"72457ff\" data-element_type=\"widget\" data-widget_type=\"google_maps.default\">\n\t\t\t\t<div class=\"elementor-widget-container\">\n\t\t\t\t\t<div class=\"elementor-custom-embed\">\n\t\t\t<iframe frameborder=\"0\" scrolling=\"no\" marginheight=\"0\" marginwidth=\"0\"\n\t\t\t\t\tsrc=\"https:\/\/maps.google.com\/maps?q=victor%20covarrubias%20estudio&#038;t=m&#038;z=11&#038;output=embed&#038;iwloc=near\"\n\t\t\t\t\ttitle=\"victor covarrubias estudio\"\n\t\t\t\t\taria-label=\"victor covarrubias estudio\"\n\t\t\t><\/iframe>\n\t\t<\/div>\n\t\t\t\t<\/div>\n\t\t\t\t<\/div>\n\t\t\t\t\t\t<\/div>\n\t\t\t\t\t<\/div>\n\t\t<\/div>\n\t\t\t\t<div class=\"elementor-column elementor-col-50 elementor-inner-column elementor-element elementor-element-b966f45\" data-id=\"b966f45\" data-element_type=\"column\" data-settings=\"{&quot;background_background&quot;:&quot;classic&quot;}\">\n\t\t\t<div class=\"elementor-column-wrap elementor-element-populated\">\n\t\t\t\t\t\t\t<div class=\"elementor-widget-wrap\">\n\t\t\t\t\t\t<section class=\"elementor-section elementor-inner-section elementor-element elementor-element-ba9f4da elementor-section-full_width elementor-section-height-default elementor-section-height-default\" data-id=\"ba9f4da\" data-element_type=\"section\">\n\t\t\t\t\t\t<div class=\"elementor-container elementor-column-gap-default\">\n\t\t\t\t\t\t\t<div class=\"elementor-row\">\n\t\t\t\t\t<div class=\"elementor-column elementor-col-100 elementor-inner-column elementor-element elementor-element-cc4b3be\" data-id=\"cc4b3be\" data-element_type=\"column\">\n\t\t\t<div class=\"elementor-column-wrap elementor-element-populated\">\n\t\t\t\t\t\t\t<div class=\"elementor-widget-wrap\">\n\t\t\t\t\t\t<div class=\"elementor-element elementor-element-54a6e81 elementor-widget elementor-widget-heading\" data-id=\"54a6e81\" data-element_type=\"widget\" data-widget_type=\"heading.default\">\n\t\t\t\t<div class=\"elementor-widget-container\">\n\t\t\t<h2 class=\"elementor-heading-title elementor-size-default\">\u00a1Cont\u00e1ctanos!<\/h2>\t\t<\/div>\n\t\t\t\t<\/div>\n\t\t\t\t<section class=\"elementor-section elementor-inner-section elementor-element elementor-element-3c7f6b4 elementor-section-full_width elementor-hidden-widescreen elementor-hidden-desktop elementor-hidden-tablet elementor-hidden-mobile elementor-section-height-default elementor-section-height-default\" data-id=\"3c7f6b4\" data-element_type=\"section\">\n\t\t\t\t\t\t<div class=\"elementor-container elementor-column-gap-default\">\n\t\t\t\t\t\t\t<div class=\"elementor-row\">\n\t\t\t\t\t<div class=\"elementor-column elementor-col-50 elementor-inner-column elementor-element elementor-element-a3e53d9\" data-id=\"a3e53d9\" data-element_type=\"column\">\n\t\t\t<div class=\"elementor-column-wrap elementor-element-populated\">\n\t\t\t\t\t\t\t<div class=\"elementor-widget-wrap\">\n\t\t\t\t\t\t<div class=\"elementor-element elementor-element-b6548e5 elementor-view-default elementor-widget elementor-widget-icon\" data-id=\"b6548e5\" data-element_type=\"widget\" data-widget_type=\"icon.default\">\n\t\t\t\t<div class=\"elementor-widget-container\">\n\t\t\t\t\t<div class=\"elementor-icon-wrapper\">\n\t\t\t<a class=\"elementor-icon elementor-animation-bounce-in\" href=\"https:\/\/api.whatsapp.com\/send?phone=527771339948\">\n\t\t\t<i aria-hidden=\"true\" class=\"fab fa-whatsapp\"><\/i>\t\t\t<\/a>\n\t\t<\/div>\n\t\t\t\t<\/div>\n\t\t\t\t<\/div>\n\t\t\t\t\t\t<\/div>\n\t\t\t\t\t<\/div>\n\t\t<\/div>\n\t\t\t\t<div class=\"elementor-column elementor-col-50 elementor-inner-column elementor-element elementor-element-9f78f91\" data-id=\"9f78f91\" data-element_type=\"column\">\n\t\t\t<div class=\"elementor-column-wrap elementor-element-populated\">\n\t\t\t\t\t\t\t<div class=\"elementor-widget-wrap\">\n\t\t\t\t\t\t<div class=\"elementor-element elementor-element-198d966 elementor-widget elementor-widget-text-editor\" data-id=\"198d966\" data-element_type=\"widget\" data-widget_type=\"text-editor.default\">\n\t\t\t\t<div class=\"elementor-widget-container\">\n\t\t\t\t\t\t\t\t<div class=\"elementor-text-editor elementor-clearfix\">\n\t\t\t\t<p>+52 777 133 99 48<\/p>\t\t\t\t\t<\/div>\n\t\t\t\t\t\t<\/div>\n\t\t\t\t<\/div>\n\t\t\t\t\t\t<\/div>\n\t\t\t\t\t<\/div>\n\t\t<\/div>\n\t\t\t\t\t\t\t\t<\/div>\n\t\t\t\t\t<\/div>\n\t\t<\/section>\n\t\t\t\t<section class=\"elementor-section elementor-inner-section elementor-element elementor-element-39bc297 elementor-section-boxed elementor-section-height-default elementor-section-height-default\" data-id=\"39bc297\" data-element_type=\"section\">\n\t\t\t\t\t\t<div class=\"elementor-container elementor-column-gap-default\">\n\t\t\t\t\t\t\t<div class=\"elementor-row\">\n\t\t\t\t\t<div class=\"elementor-column elementor-col-50 elementor-inner-column elementor-element elementor-element-6e4b189\" data-id=\"6e4b189\" data-element_type=\"column\">\n\t\t\t<div class=\"elementor-column-wrap elementor-element-populated\">\n\t\t\t\t\t\t\t<div class=\"elementor-widget-wrap\">\n\t\t\t\t\t\t<div class=\"elementor-element elementor-element-e1854b6 elementor-view-default elementor-widget elementor-widget-icon\" data-id=\"e1854b6\" data-element_type=\"widget\" data-widget_type=\"icon.default\">\n\t\t\t\t<div class=\"elementor-widget-container\">\n\t\t\t\t\t<div class=\"elementor-icon-wrapper\">\n\t\t\t<a class=\"elementor-icon elementor-animation-bounce-in\" href=\"mailto:infoentrenamientodelavoz@gmail.com\">\n\t\t\t<i aria-hidden=\"true\" class=\"far fa-envelope\"><\/i>\t\t\t<\/a>\n\t\t<\/div>\n\t\t\t\t<\/div>\n\t\t\t\t<\/div>\n\t\t\t\t\t\t<\/div>\n\t\t\t\t\t<\/div>\n\t\t<\/div>\n\t\t\t\t<div class=\"elementor-column elementor-col-50 elementor-inner-column elementor-element elementor-element-bc6c106\" data-id=\"bc6c106\" data-element_type=\"column\">\n\t\t\t<div class=\"elementor-column-wrap elementor-element-populated\">\n\t\t\t\t\t\t\t<div class=\"elementor-widget-wrap\">\n\t\t\t\t\t\t<div class=\"elementor-element elementor-element-20e416f elementor-widget elementor-widget-text-editor\" data-id=\"20e416f\" data-element_type=\"widget\" data-widget_type=\"text-editor.default\">\n\t\t\t\t<div class=\"elementor-widget-container\">\n\t\t\t\t\t\t\t\t<div class=\"elementor-text-editor elementor-clearfix\">\n\t\t\t\t<p><span class=\"s2\">vozvictorcovarrubias@gmail.com<\/span><\/p>\t\t\t\t\t<\/div>\n\t\t\t\t\t\t<\/div>\n\t\t\t\t<\/div>\n\t\t\t\t\t\t<\/div>\n\t\t\t\t\t<\/div>\n\t\t<\/div>\n\t\t\t\t\t\t\t\t<\/div>\n\t\t\t\t\t<\/div>\n\t\t<\/section>\n\t\t\t\t<div class=\"elementor-element elementor-element-02eed93 elementor-shape-rounded elementor-grid-0 e-grid-align-center elementor-widget elementor-widget-social-icons\" data-id=\"02eed93\" data-element_type=\"widget\" data-widget_type=\"social-icons.default\">\n\t\t\t\t<div class=\"elementor-widget-container\">\n\t\t\t\t\t<div class=\"elementor-social-icons-wrapper elementor-grid\">\n\t\t\t\t\t\t\t<span class=\"elementor-grid-item\">\n\t\t\t\t\t<a class=\"elementor-icon elementor-social-icon elementor-social-icon-facebook elementor-animation-bounce-in elementor-repeater-item-b5c6511\" href=\"https:\/\/www.facebook.com\/V%C3%ADctor-Covarrubias-170009327218601\" target=\"_blank\">\n\t\t\t\t\t\t<span class=\"elementor-screen-only\">Facebook<\/span>\n\t\t\t\t\t\t<i class=\"fab fa-facebook\"><\/i>\t\t\t\t\t<\/a>\n\t\t\t\t<\/span>\n\t\t\t\t\t\t\t<span class=\"elementor-grid-item\">\n\t\t\t\t\t<a class=\"elementor-icon elementor-social-icon elementor-social-icon-twitter elementor-animation-bounce-in elementor-repeater-item-a57b1e2\" href=\"https:\/\/twitter.com\/covasjr\" target=\"_blank\">\n\t\t\t\t\t\t<span class=\"elementor-screen-only\">Twitter<\/span>\n\t\t\t\t\t\t<i class=\"fab fa-twitter\"><\/i>\t\t\t\t\t<\/a>\n\t\t\t\t<\/span>\n\t\t\t\t\t\t\t<span class=\"elementor-grid-item\">\n\t\t\t\t\t<a class=\"elementor-icon elementor-social-icon elementor-social-icon-youtube elementor-animation-bounce-in elementor-repeater-item-c02401a\" href=\"https:\/\/www.youtube.com\/channel\/UC8W3cwPEKI9k20JAD8CBlgA?view_as=subscriber\" target=\"_blank\">\n\t\t\t\t\t\t<span class=\"elementor-screen-only\">Youtube<\/span>\n\t\t\t\t\t\t<i class=\"fab fa-youtube\"><\/i>\t\t\t\t\t<\/a>\n\t\t\t\t<\/span>\n\t\t\t\t\t\t\t<span class=\"elementor-grid-item\">\n\t\t\t\t\t<a class=\"elementor-icon elementor-social-icon elementor-social-icon-instagram elementor-animation-bounce-in elementor-repeater-item-5048815\" href=\"https:\/\/www.instagram.com\/vozvictor\/?hl=en\" target=\"_blank\">\n\t\t\t\t\t\t<span class=\"elementor-screen-only\">Instagram<\/span>\n\t\t\t\t\t\t<i class=\"fab fa-instagram\"><\/i>\t\t\t\t\t<\/a>\n\t\t\t\t<\/span>\n\t\t\t\t\t<\/div>\n\t\t\t\t<\/div>\n\t\t\t\t<\/div>\n\t\t\t\t<div class=\"elementor-element elementor-element-d3eb47e elementor-widget elementor-widget-text-editor\" data-id=\"d3eb47e\" data-element_type=\"widget\" data-widget_type=\"text-editor.default\">\n\t\t\t\t<div class=\"elementor-widget-container\">\n\t\t\t\t\t\t\t\t<div class=\"elementor-text-editor elementor-clearfix\">\n\t\t\t\t<p style=\"text-align: center;\">San Jer\u00f3nimo 503, Tlaltenango, 62170 Cuernavaca, Mor.<\/p>\t\t\t\t\t<\/div>\n\t\t\t\t\t\t<\/div>\n\t\t\t\t<\/div>\n\t\t\t\t\t\t<\/div>\n\t\t\t\t\t<\/div>\n\t\t<\/div>\n\t\t\t\t\t\t\t\t<\/div>\n\t\t\t\t\t<\/div>\n\t\t<\/section>\n\t\t\t\t\t\t<\/div>\n\t\t\t\t\t<\/div>\n\t\t<\/div>\n\t\t\t\t\t\t\t\t<\/div>\n\t\t\t\t\t<\/div>\n\t\t<\/section>\n\t\t\t\t\t\t<\/div>\n\t\t\t\t\t<\/div>\n\t\t<\/div>\n\t\t\t\t\t\t\t\t<\/div>\n\t\t\t\t\t<\/div>\n\t\t<\/section>\n\t\t\t\t<section class=\"elementor-section elementor-top-section elementor-element elementor-element-7946517 elementor-section-boxed elementor-section-height-default elementor-section-height-default\" data-id=\"7946517\" data-element_type=\"section\">\n\t\t\t\t\t\t<div class=\"elementor-container elementor-column-gap-default\">\n\t\t\t\t\t\t\t<div class=\"elementor-row\">\n\t\t\t\t\t<div class=\"elementor-column elementor-col-100 elementor-top-column elementor-element elementor-element-0db03e5\" data-id=\"0db03e5\" data-element_type=\"column\">\n\t\t\t<div class=\"elementor-column-wrap\">\n\t\t\t\t\t\t\t<div class=\"elementor-widget-wrap\">\n\t\t\t\t\t\t\t\t<\/div>\n\t\t\t\t\t<\/div>\n\t\t<\/div>\n\t\t\t\t\t\t\t\t<\/div>\n\t\t\t\t\t<\/div>\n\t\t<\/section>\n\t\t\t\t<section class=\"elementor-section elementor-top-section elementor-element elementor-element-ee14e61 elementor-section-boxed elementor-section-height-default elementor-section-height-default\" data-id=\"ee14e61\" data-element_type=\"section\">\n\t\t\t\t\t\t<div class=\"elementor-container elementor-column-gap-default\">\n\t\t\t\t\t\t\t<div class=\"elementor-row\">\n\t\t\t\t\t<div class=\"elementor-column elementor-col-100 elementor-top-column elementor-element elementor-element-d2d65a0\" data-id=\"d2d65a0\" data-element_type=\"column\">\n\t\t\t<div class=\"elementor-column-wrap elementor-element-populated\">\n\t\t\t\t\t\t\t<div class=\"elementor-widget-wrap\">\n\t\t\t\t\t\t<div class=\"elementor-element elementor-element-ea81bd8 elementor-hidden-widescreen elementor-hidden-desktop elementor-hidden-tablet elementor-hidden-mobile elementor-widget elementor-widget-heading\" data-id=\"ea81bd8\" data-element_type=\"widget\" data-widget_type=\"heading.default\">\n\t\t\t\t<div class=\"elementor-widget-container\">\n\t\t\t<h2 class=\"elementor-heading-title elementor-size-default\">Curso de doblaje en Cuernavaca<\/h2>\t\t<\/div>\n\t\t\t\t<\/div>\n\t\t\t\t\t\t<\/div>\n\t\t\t\t\t<\/div>\n\t\t<\/div>\n\t\t\t\t\t\t\t\t<\/div>\n\t\t\t\t\t<\/div>\n\t\t<\/section>\n\t\t\t\t\t\t\t\t\t<\/div>\n\t\t\t<\/div>\n\t\t\t\t\t<\/div>\n\t\t","protected":false},"excerpt":{"rendered":"<p>Curso de doblaje en Cuernavaca Curso de doblaje en Cuernavaca Morelos M\u00e9xico con el Locutor, Actor y director de doblaje Victor Covarrubias. Victor Covarrubias tiene m\u00e1s de 30 a\u00f1os de experiencia en el medio del doblaje y la locuci\u00f3n. Del mismo modo cuenta con su propio estudio de grabaci\u00f3n profesional donde graba proyectos de doblaje [&hellip;]<\/p>\n","protected":false},"author":1,"featured_media":0,"parent":0,"menu_order":0,"comment_status":"closed","ping_status":"closed","template":"","meta":{"_ti_tpc_template_sync":false,"_ti_tpc_template_id":""},"yoast_head":"<!-- This site is optimized with the Yoast SEO plugin v20.2.1 - https:\/\/yoast.com\/wordpress\/plugins\/seo\/ -->\n<title>Curso de doblaje en Cuernavaca - Victor Covarrubias - Contacto<\/title>\n<meta name=\"description\" content=\"Curso de doblaje en Cuernavaca y estudio de grabaci\u00f3n profesional para doblaje y locuci\u00f3n comercial con Victor Covarrubias: Contacto\" \/>\n<meta name=\"robots\" content=\"index, follow, max-snippet:-1, max-image-preview:large, max-video-preview:-1\" \/>\n<link rel=\"canonical\" href=\"https:\/\/victorcovarrubias.com\/index.php\/curso-de-doblaje-en-cuernavaca-2\/\" \/>\n<meta property=\"og:locale\" content=\"es_ES\" \/>\n<meta property=\"og:type\" content=\"article\" \/>\n<meta property=\"og:title\" content=\"Curso de doblaje en Cuernavaca - Victor Covarrubias - Contacto\" \/>\n<meta property=\"og:description\" content=\"Curso de doblaje en Cuernavaca y estudio de grabaci\u00f3n profesional para doblaje y locuci\u00f3n comercial con Victor Covarrubias: Contacto\" \/>\n<meta property=\"og:url\" content=\"https:\/\/victorcovarrubias.com\/index.php\/curso-de-doblaje-en-cuernavaca-2\/\" \/>\n<meta property=\"og:site_name\" content=\"Victor Covarrubias\" \/>\n<meta property=\"article:publisher\" content=\"https:\/\/www.facebook.com\/profile.php?id=100063687031314\" \/>\n<meta property=\"article:modified_time\" content=\"2023-12-15T21:26:29+00:00\" \/>\n<meta name=\"twitter:card\" content=\"summary_large_image\" \/>\n<meta name=\"twitter:label1\" content=\"Tiempo de lectura\" \/>\n\t<meta name=\"twitter:data1\" content=\"2 minutos\" \/>\n<script type=\"application\/ld+json\" class=\"yoast-schema-graph\">{\"@context\":\"https:\/\/schema.org\",\"@graph\":[{\"@type\":\"WebPage\",\"@id\":\"https:\/\/victorcovarrubias.com\/index.php\/curso-de-doblaje-en-cuernavaca-2\/\",\"url\":\"https:\/\/victorcovarrubias.com\/index.php\/curso-de-doblaje-en-cuernavaca-2\/\",\"name\":\"Curso de doblaje en Cuernavaca - Victor Covarrubias - Contacto\",\"isPartOf\":{\"@id\":\"https:\/\/victorcovarrubias.com\/#website\"},\"datePublished\":\"2022-11-02T18:58:04+00:00\",\"dateModified\":\"2023-12-15T21:26:29+00:00\",\"description\":\"Curso de doblaje en Cuernavaca y estudio de grabaci\u00f3n profesional para doblaje y locuci\u00f3n comercial con Victor Covarrubias: Contacto\",\"breadcrumb\":{\"@id\":\"https:\/\/victorcovarrubias.com\/index.php\/curso-de-doblaje-en-cuernavaca-2\/#breadcrumb\"},\"inLanguage\":\"es\",\"potentialAction\":[{\"@type\":\"ReadAction\",\"target\":[\"https:\/\/victorcovarrubias.com\/index.php\/curso-de-doblaje-en-cuernavaca-2\/\"]}]},{\"@type\":\"BreadcrumbList\",\"@id\":\"https:\/\/victorcovarrubias.com\/index.php\/curso-de-doblaje-en-cuernavaca-2\/#breadcrumb\",\"itemListElement\":[{\"@type\":\"ListItem\",\"position\":1,\"name\":\"Portada\",\"item\":\"https:\/\/victorcovarrubias.com\/\"},{\"@type\":\"ListItem\",\"position\":2,\"name\":\"Contacto\"}]},{\"@type\":\"WebSite\",\"@id\":\"https:\/\/victorcovarrubias.com\/#website\",\"url\":\"https:\/\/victorcovarrubias.com\/\",\"name\":\"Victor Covarrubias Actor de doblaje y locuci\u00f3n\",\"description\":\"Locutor, doblaje y entrenador de voz\",\"publisher\":{\"@id\":\"https:\/\/victorcovarrubias.com\/#\/schema\/person\/c60ee431eb5408078123f45f3c997a5c\"},\"potentialAction\":[{\"@type\":\"SearchAction\",\"target\":{\"@type\":\"EntryPoint\",\"urlTemplate\":\"https:\/\/victorcovarrubias.com\/?s={search_term_string}\"},\"query-input\":\"required name=search_term_string\"}],\"inLanguage\":\"es\"},{\"@type\":[\"Person\",\"Organization\"],\"@id\":\"https:\/\/victorcovarrubias.com\/#\/schema\/person\/c60ee431eb5408078123f45f3c997a5c\",\"name\":\"covasjr\",\"image\":{\"@type\":\"ImageObject\",\"inLanguage\":\"es\",\"@id\":\"https:\/\/victorcovarrubias.com\/#\/schema\/person\/image\/\",\"url\":\"https:\/\/victorcovarrubias.com\/wp-content\/uploads\/2020\/11\/Recurso-6.svg\",\"contentUrl\":\"https:\/\/victorcovarrubias.com\/wp-content\/uploads\/2020\/11\/Recurso-6.svg\",\"width\":244,\"height\":244,\"caption\":\"covasjr\"},\"logo\":{\"@id\":\"https:\/\/victorcovarrubias.com\/#\/schema\/person\/image\/\"},\"sameAs\":[\"http:\/\/victorcovarrubias.com\",\"https:\/\/www.facebook.com\/profile.php?id=100063687031314\",\"https:\/\/www.instagram.com\/vozvictor\/?hl=en\",\"https:\/\/www.youtube.com\/channel\/UC8W3cwPEKI9k20JAD8CBlgA?view_as=subscriber\",\"https:\/\/doblaje.fandom.com\/es\/wiki\/Vctor_Covarrubias\"]}]}<\/script>\n<!-- \/ Yoast SEO plugin. -->","yoast_head_json":{"title":"Curso de doblaje en Cuernavaca - Victor Covarrubias - Contacto","description":"Curso de doblaje en Cuernavaca y estudio de grabaci\u00f3n profesional para doblaje y locuci\u00f3n comercial con Victor Covarrubias: Contacto","robots":{"index":"index","follow":"follow","max-snippet":"max-snippet:-1","max-image-preview":"max-image-preview:large","max-video-preview":"max-video-preview:-1"},"canonical":"https:\/\/victorcovarrubias.com\/index.php\/curso-de-doblaje-en-cuernavaca-2\/","og_locale":"es_ES","og_type":"article","og_title":"Curso de doblaje en Cuernavaca - Victor Covarrubias - Contacto","og_description":"Curso de doblaje en Cuernavaca y estudio de grabaci\u00f3n profesional para doblaje y locuci\u00f3n comercial con Victor Covarrubias: Contacto","og_url":"https:\/\/victorcovarrubias.com\/index.php\/curso-de-doblaje-en-cuernavaca-2\/","og_site_name":"Victor Covarrubias","article_publisher":"https:\/\/www.facebook.com\/profile.php?id=100063687031314","article_modified_time":"2023-12-15T21:26:29+00:00","twitter_card":"summary_large_image","twitter_misc":{"Tiempo de lectura":"2 minutos"},"schema":{"@context":"https:\/\/schema.org","@graph":[{"@type":"WebPage","@id":"https:\/\/victorcovarrubias.com\/index.php\/curso-de-doblaje-en-cuernavaca-2\/","url":"https:\/\/victorcovarrubias.com\/index.php\/curso-de-doblaje-en-cuernavaca-2\/","name":"Curso de doblaje en Cuernavaca - Victor Covarrubias - Contacto","isPartOf":{"@id":"https:\/\/victorcovarrubias.com\/#website"},"datePublished":"2022-11-02T18:58:04+00:00","dateModified":"2023-12-15T21:26:29+00:00","description":"Curso de doblaje en Cuernavaca y estudio de grabaci\u00f3n profesional para doblaje y locuci\u00f3n comercial con Victor Covarrubias: Contacto","breadcrumb":{"@id":"https:\/\/victorcovarrubias.com\/index.php\/curso-de-doblaje-en-cuernavaca-2\/#breadcrumb"},"inLanguage":"es","potentialAction":[{"@type":"ReadAction","target":["https:\/\/victorcovarrubias.com\/index.php\/curso-de-doblaje-en-cuernavaca-2\/"]}]},{"@type":"BreadcrumbList","@id":"https:\/\/victorcovarrubias.com\/index.php\/curso-de-doblaje-en-cuernavaca-2\/#breadcrumb","itemListElement":[{"@type":"ListItem","position":1,"name":"Portada","item":"https:\/\/victorcovarrubias.com\/"},{"@type":"ListItem","position":2,"name":"Contacto"}]},{"@type":"WebSite","@id":"https:\/\/victorcovarrubias.com\/#website","url":"https:\/\/victorcovarrubias.com\/","name":"Victor Covarrubias Actor de doblaje y locuci\u00f3n","description":"Locutor, doblaje y entrenador de voz","publisher":{"@id":"https:\/\/victorcovarrubias.com\/#\/schema\/person\/c60ee431eb5408078123f45f3c997a5c"},"potentialAction":[{"@type":"SearchAction","target":{"@type":"EntryPoint","urlTemplate":"https:\/\/victorcovarrubias.com\/?s={search_term_string}"},"query-input":"required name=search_term_string"}],"inLanguage":"es"},{"@type":["Person","Organization"],"@id":"https:\/\/victorcovarrubias.com\/#\/schema\/person\/c60ee431eb5408078123f45f3c997a5c","name":"covasjr","image":{"@type":"ImageObject","inLanguage":"es","@id":"https:\/\/victorcovarrubias.com\/#\/schema\/person\/image\/","url":"https:\/\/victorcovarrubias.com\/wp-content\/uploads\/2020\/11\/Recurso-6.svg","contentUrl":"https:\/\/victorcovarrubias.com\/wp-content\/uploads\/2020\/11\/Recurso-6.svg","width":244,"height":244,"caption":"covasjr"},"logo":{"@id":"https:\/\/victorcovarrubias.com\/#\/schema\/person\/image\/"},"sameAs":["http:\/\/victorcovarrubias.com","https:\/\/www.facebook.com\/profile.php?id=100063687031314","https:\/\/www.instagram.com\/vozvictor\/?hl=en","https:\/\/www.youtube.com\/channel\/UC8W3cwPEKI9k20JAD8CBlgA?view_as=subscriber","https:\/\/doblaje.fandom.com\/es\/wiki\/Vctor_Covarrubias"]}]}},"_links":{"self":[{"href":"https:\/\/victorcovarrubias.com\/index.php\/wp-json\/wp\/v2\/pages\/1205"}],"collection":[{"href":"https:\/\/victorcovarrubias.com\/index.php\/wp-json\/wp\/v2\/pages"}],"about":[{"href":"https:\/\/victorcovarrubias.com\/index.php\/wp-json\/wp\/v2\/types\/page"}],"author":[{"embeddable":true,"href":"https:\/\/victorcovarrubias.com\/index.php\/wp-json\/wp\/v2\/users\/1"}],"replies":[{"embeddable":true,"href":"https:\/\/victorcovarrubias.com\/index.php\/wp-json\/wp\/v2\/comments?post=1205"}],"version-history":[{"count":116,"href":"https:\/\/victorcovarrubias.com\/index.php\/wp-json\/wp\/v2\/pages\/1205\/revisions"}],"predecessor-version":[{"id":2290,"href":"https:\/\/victorcovarrubias.com\/index.php\/wp-json\/wp\/v2\/pages\/1205\/revisions\/2290"}],"wp:attachment":[{"href":"https:\/\/victorcovarrubias.com\/index.php\/wp-json\/wp\/v2\/media?parent=1205"}],"curies":[{"name":"wp","href":"https:\/\/api.w.org\/{rel}","templated":true}]}}