{"id":1208,"date":"2022-11-02T12:58:43","date_gmt":"2022-11-02T18:58:43","guid":{"rendered":"https:\/\/victorcovarrubias.com\/?page_id=1208"},"modified":"2023-03-20T11:25:32","modified_gmt":"2023-03-20T17:25:32","slug":"estudio-de-grabacion-mexico-doblaje-locucion-direccion","status":"publish","type":"page","link":"https:\/\/victorcovarrubias.com\/index.php\/estudio-de-grabacion-mexico-doblaje-locucion-direccion\/","title":{"rendered":"Estudio"},"content":{"rendered":"\t\t<div data-elementor-type=\"wp-page\" data-elementor-id=\"1208\" class=\"elementor elementor-1208\">\n\t\t\t\t\t\t<div class=\"elementor-inner\">\n\t\t\t\t<div class=\"elementor-section-wrap\">\n\t\t\t\t\t\t\t\t\t<section class=\"elementor-section elementor-top-section elementor-element elementor-element-2fbf09f elementor-section-boxed elementor-section-height-default elementor-section-height-default\" data-id=\"2fbf09f\" data-element_type=\"section\">\n\t\t\t\t\t\t<div class=\"elementor-container elementor-column-gap-default\">\n\t\t\t\t\t\t\t<div class=\"elementor-row\">\n\t\t\t\t\t<div class=\"elementor-column elementor-col-100 elementor-top-column elementor-element elementor-element-70ed143\" data-id=\"70ed143\" data-element_type=\"column\">\n\t\t\t<div class=\"elementor-column-wrap elementor-element-populated\">\n\t\t\t\t\t\t\t<div class=\"elementor-widget-wrap\">\n\t\t\t\t\t\t<div class=\"elementor-element elementor-element-44f73b2 elementor-hidden-widescreen elementor-hidden-desktop elementor-hidden-tablet elementor-hidden-mobile elementor-widget elementor-widget-text-editor\" data-id=\"44f73b2\" data-element_type=\"widget\" data-widget_type=\"text-editor.default\">\n\t\t\t\t<div class=\"elementor-widget-container\">\n\t\t\t\t\t\t\t\t<div class=\"elementor-text-editor elementor-clearfix\">\n\t\t\t\t<h1>Estudio de grabaci\u00f3n M\u00e9xico Cuernavaca<\/h1><p><strong>Estudio de grabaci\u00f3n profesional en M\u00e9xico Cuernavaca<\/strong>\u00a0para trabajar y grabar proyectos de <strong>doblaje y locuci\u00f3n comercial<\/strong>. El estudio de <strong>Victor Covarrubias,<\/strong> se enfoca en cubrir todos y cada uno de los requerimientos del cliente en su debido tiempo y forma. As\u00ed mismo el <strong>estudio<\/strong>\u00a0del <strong>locutor, actor y director de doblaje Victor Covarrubias<\/strong>, que se encuentra en <strong>Cuernavaca Morelos M\u00e9xico;<\/strong>\u00a0es la sede de los mismos <strong>cursos de doblaje<\/strong> que son impartidos por el mismo <strong>Victor Covarrubias. <\/strong>Junto con un grupo de profesionales preparados\u00a0 y trabajando en el mismo <strong>medio del doblaje<\/strong>. Una de las clases del <strong>curso de doblaje<\/strong>, es la clase de cabina. En donde se les ense\u00f1a a los alumnos lo que es una <strong>cabina de grabaci\u00f3n<\/strong>, c\u00f3mo se graba en ella y el cuidado dentro de este espacio.<\/p><p>Muchos de los proyectos que se han grabado en el <strong>estudio de grabaci\u00f3n de Victor Covarrubias<\/strong>, se encuentran programas de la cadena televisora <strong>National Geographic.<\/strong> Ejemplo de esto, Kingdom of the Apes, America Inside Out, weird but true, entre otros. Adem\u00e1s de varias y diversas <strong>pel\u00edculas y series<\/strong> como Ovejas y lobos, the young pope y christmas land. Del mismo modo, que se graba <strong>locuci\u00f3n comercial<\/strong> para diversas y conocidas marcas como Holanda y Sopas Knor.<\/p><p>La sala de grabaci\u00f3n est\u00e1 construida de tal forma que a\u00edsla el ruido tanto como el del interior como el del exterior. De igual forma, el estudio cuenta con el equipo adecuado para la m\u00e1s \u00f3ptima grabaci\u00f3n. Adem\u00e1s de contar con la <strong>direcci\u00f3n<\/strong> de Victor Covarrubias que cuenta con <strong>m\u00e1s de 30 a\u00f1os de experiencia<\/strong> en el medio, siendo <strong>locutor comercial, actor y director de doblaje<\/strong>.<\/p>\t\t\t\t\t<\/div>\n\t\t\t\t\t\t<\/div>\n\t\t\t\t<\/div>\n\t\t\t\t\t\t<\/div>\n\t\t\t\t\t<\/div>\n\t\t<\/div>\n\t\t\t\t\t\t\t\t<\/div>\n\t\t\t\t\t<\/div>\n\t\t<\/section>\n\t\t\t\t<section class=\"elementor-section elementor-top-section elementor-element elementor-element-9894aac elementor-section-full_width elementor-section-height-min-height elementor-section-height-default elementor-section-items-middle\" data-id=\"9894aac\" data-element_type=\"section\" data-settings=\"{&quot;background_background&quot;:&quot;classic&quot;}\">\n\t\t\t\t\t\t<div class=\"elementor-container elementor-column-gap-default\">\n\t\t\t\t\t\t\t<div class=\"elementor-row\">\n\t\t\t\t\t<div class=\"elementor-column elementor-col-100 elementor-top-column elementor-element elementor-element-3779bcf\" data-id=\"3779bcf\" data-element_type=\"column\" data-settings=\"{&quot;background_background&quot;:&quot;classic&quot;}\">\n\t\t\t<div class=\"elementor-column-wrap elementor-element-populated\">\n\t\t\t\t\t<div class=\"elementor-background-overlay\"><\/div>\n\t\t\t\t\t\t\t<div class=\"elementor-widget-wrap\">\n\t\t\t\t\t\t<section class=\"elementor-section elementor-inner-section elementor-element elementor-element-9e0abe6 elementor-reverse-mobile elementor-section-full_width elementor-section-height-min-height elementor-section-height-default\" data-id=\"9e0abe6\" data-element_type=\"section\">\n\t\t\t\t\t\t<div class=\"elementor-container elementor-column-gap-default\">\n\t\t\t\t\t\t\t<div class=\"elementor-row\">\n\t\t\t\t\t<div class=\"elementor-column elementor-col-50 elementor-inner-column elementor-element elementor-element-75f739b\" data-id=\"75f739b\" data-element_type=\"column\">\n\t\t\t<div class=\"elementor-column-wrap\">\n\t\t\t\t\t\t\t<div class=\"elementor-widget-wrap\">\n\t\t\t\t\t\t\t\t<\/div>\n\t\t\t\t\t<\/div>\n\t\t<\/div>\n\t\t\t\t<div class=\"elementor-column elementor-col-50 elementor-inner-column elementor-element elementor-element-4ea30b4\" data-id=\"4ea30b4\" data-element_type=\"column\">\n\t\t\t<div class=\"elementor-column-wrap elementor-element-populated\">\n\t\t\t\t\t\t\t<div class=\"elementor-widget-wrap\">\n\t\t\t\t\t\t<div class=\"elementor-element elementor-element-0adfca6 elementor-widget elementor-widget-heading\" data-id=\"0adfca6\" data-element_type=\"widget\" data-widget_type=\"heading.default\">\n\t\t\t\t<div class=\"elementor-widget-container\">\n\t\t\t<h2 class=\"elementor-heading-title elementor-size-default\">Estudio de Grabaci\u00f3n<\/h2>\t\t<\/div>\n\t\t\t\t<\/div>\n\t\t\t\t\t\t<\/div>\n\t\t\t\t\t<\/div>\n\t\t<\/div>\n\t\t\t\t\t\t\t\t<\/div>\n\t\t\t\t\t<\/div>\n\t\t<\/section>\n\t\t\t\t\t\t<\/div>\n\t\t\t\t\t<\/div>\n\t\t<\/div>\n\t\t\t\t\t\t\t\t<\/div>\n\t\t\t\t\t<\/div>\n\t\t<\/section>\n\t\t\t\t<section class=\"elementor-section elementor-top-section elementor-element elementor-element-2303655 elementor-section-boxed elementor-section-height-default elementor-section-height-default\" data-id=\"2303655\" data-element_type=\"section\">\n\t\t\t\t\t\t<div class=\"elementor-container elementor-column-gap-default\">\n\t\t\t\t\t\t\t<div class=\"elementor-row\">\n\t\t\t\t\t<div class=\"elementor-column elementor-col-100 elementor-top-column elementor-element elementor-element-e5df610\" data-id=\"e5df610\" data-element_type=\"column\">\n\t\t\t<div class=\"elementor-column-wrap elementor-element-populated\">\n\t\t\t\t\t\t\t<div class=\"elementor-widget-wrap\">\n\t\t\t\t\t\t<div class=\"elementor-element elementor-element-e82a6c7 elementor-hidden-widescreen elementor-hidden-desktop elementor-hidden-tablet elementor-hidden-mobile elementor-widget elementor-widget-heading\" data-id=\"e82a6c7\" data-element_type=\"widget\" data-widget_type=\"heading.default\">\n\t\t\t\t<div class=\"elementor-widget-container\">\n\t\t\t<h2 class=\"elementor-heading-title elementor-size-default\">Estudio de doblaje M\u00e9xico Cuernavaca<\/h2>\t\t<\/div>\n\t\t\t\t<\/div>\n\t\t\t\t\t\t<\/div>\n\t\t\t\t\t<\/div>\n\t\t<\/div>\n\t\t\t\t\t\t\t\t<\/div>\n\t\t\t\t\t<\/div>\n\t\t<\/section>\n\t\t\t\t<section class=\"elementor-section elementor-top-section elementor-element elementor-element-ed9d5b0 elementor-section-full_width elementor-section-height-default elementor-section-height-default\" data-id=\"ed9d5b0\" data-element_type=\"section\">\n\t\t\t\t\t\t<div class=\"elementor-container elementor-column-gap-default\">\n\t\t\t\t\t\t\t<div class=\"elementor-row\">\n\t\t\t\t\t<div class=\"elementor-column elementor-col-66 elementor-top-column elementor-element elementor-element-d106ed1\" data-id=\"d106ed1\" data-element_type=\"column\" data-settings=\"{&quot;background_background&quot;:&quot;classic&quot;}\">\n\t\t\t<div class=\"elementor-column-wrap elementor-element-populated\">\n\t\t\t\t\t\t\t<div class=\"elementor-widget-wrap\">\n\t\t\t\t\t\t<div class=\"elementor-element elementor-element-e4fb2ff elementor-widget elementor-widget-text-editor\" data-id=\"e4fb2ff\" data-element_type=\"widget\" data-widget_type=\"text-editor.default\">\n\t\t\t\t<div class=\"elementor-widget-container\">\n\t\t\t\t\t\t\t\t<div class=\"elementor-text-editor elementor-clearfix\">\n\t\t\t\t<p class=\"p1\"><span class=\"s1\">Cuento con un <strong>estudio profesional<\/strong> que lo conforman, un equipo que hacen posible que cada proyecto sea <strong>profesional<\/strong> y siempre cumpla con los <strong>est\u00e1ndares y tiempos<\/strong> que el cliente solicita. He dirigido y grabado diferentes proyectos de <strong>doblaje, locuci\u00f3n, narraciones<\/strong> y trabajos para <strong>diferentes clientes<\/strong> y <strong>agencias de publicidad<\/strong>.<\/span><\/p>\t\t\t\t\t<\/div>\n\t\t\t\t\t\t<\/div>\n\t\t\t\t<\/div>\n\t\t\t\t\t\t<\/div>\n\t\t\t\t\t<\/div>\n\t\t<\/div>\n\t\t\t\t<div class=\"elementor-column elementor-col-33 elementor-top-column elementor-element elementor-element-415b02d\" data-id=\"415b02d\" data-element_type=\"column\" data-settings=\"{&quot;background_background&quot;:&quot;classic&quot;}\">\n\t\t\t<div class=\"elementor-column-wrap elementor-element-populated\">\n\t\t\t\t\t\t\t<div class=\"elementor-widget-wrap\">\n\t\t\t\t\t\t<div class=\"elementor-element elementor-element-582e151 elementor-hidden-widescreen elementor-hidden-desktop elementor-hidden-tablet elementor-widget elementor-widget-image\" data-id=\"582e151\" data-element_type=\"widget\" data-widget_type=\"image.default\">\n\t\t\t\t<div class=\"elementor-widget-container\">\n\t\t\t\t\t\t\t\t<div class=\"elementor-image\">\n\t\t\t\t\t\t\t\t\t\t\t\t<img decoding=\"async\" width=\"800\" height=\"950\" src=\"https:\/\/victorcovarrubias.com\/wp-content\/uploads\/2023\/02\/Copia-de-IMG_7484-862x1024.jpg\" class=\"attachment-large size-large\" alt=\"Micr\u00f3fono para grabar audio para doblaje y locuci\u00f3n\" loading=\"lazy\" srcset=\"https:\/\/victorcovarrubias.com\/wp-content\/uploads\/2023\/02\/Copia-de-IMG_7484-862x1024.jpg 862w, https:\/\/victorcovarrubias.com\/wp-content\/uploads\/2023\/02\/Copia-de-IMG_7484-253x300.jpg 253w, https:\/\/victorcovarrubias.com\/wp-content\/uploads\/2023\/02\/Copia-de-IMG_7484-768x912.jpg 768w, https:\/\/victorcovarrubias.com\/wp-content\/uploads\/2023\/02\/Copia-de-IMG_7484-1293x1536.jpg 1293w, https:\/\/victorcovarrubias.com\/wp-content\/uploads\/2023\/02\/Copia-de-IMG_7484-1724x2048.jpg 1724w\" sizes=\"(max-width: 800px) 100vw, 800px\" \/>\t\t\t\t\t\t\t\t\t\t\t\t\t\t<\/div>\n\t\t\t\t\t\t<\/div>\n\t\t\t\t<\/div>\n\t\t\t\t\t\t<\/div>\n\t\t\t\t\t<\/div>\n\t\t<\/div>\n\t\t\t\t\t\t\t\t<\/div>\n\t\t\t\t\t<\/div>\n\t\t<\/section>\n\t\t\t\t<section class=\"elementor-section elementor-top-section elementor-element elementor-element-2e493cb elementor-section-boxed elementor-section-height-default elementor-section-height-default\" data-id=\"2e493cb\" data-element_type=\"section\">\n\t\t\t\t\t\t<div class=\"elementor-container elementor-column-gap-default\">\n\t\t\t\t\t\t\t<div class=\"elementor-row\">\n\t\t\t\t\t<div class=\"elementor-column elementor-col-100 elementor-top-column elementor-element elementor-element-94b6b67\" data-id=\"94b6b67\" data-element_type=\"column\">\n\t\t\t<div class=\"elementor-column-wrap elementor-element-populated\">\n\t\t\t\t\t\t\t<div class=\"elementor-widget-wrap\">\n\t\t\t\t\t\t<div class=\"elementor-element elementor-element-ef42312 elementor-hidden-widescreen elementor-hidden-desktop elementor-hidden-tablet elementor-hidden-mobile elementor-widget elementor-widget-heading\" data-id=\"ef42312\" data-element_type=\"widget\" data-widget_type=\"heading.default\">\n\t\t\t\t<div class=\"elementor-widget-container\">\n\t\t\t<h2 class=\"elementor-heading-title elementor-size-default\">Doblaje M\u00e9xico Cuernavaca<\/h2>\t\t<\/div>\n\t\t\t\t<\/div>\n\t\t\t\t\t\t<\/div>\n\t\t\t\t\t<\/div>\n\t\t<\/div>\n\t\t\t\t\t\t\t\t<\/div>\n\t\t\t\t\t<\/div>\n\t\t<\/section>\n\t\t\t\t<section class=\"elementor-section elementor-top-section elementor-element elementor-element-3f71988 elementor-section-full_width elementor-section-height-default elementor-section-height-default\" data-id=\"3f71988\" data-element_type=\"section\">\n\t\t\t\t\t\t<div class=\"elementor-container elementor-column-gap-default\">\n\t\t\t\t\t\t\t<div class=\"elementor-row\">\n\t\t\t\t\t<div class=\"elementor-column elementor-col-100 elementor-top-column elementor-element elementor-element-b051324\" data-id=\"b051324\" data-element_type=\"column\">\n\t\t\t<div class=\"elementor-column-wrap elementor-element-populated\">\n\t\t\t\t\t\t\t<div class=\"elementor-widget-wrap\">\n\t\t\t\t\t\t<div class=\"elementor-element elementor-element-aeccc55 elementor-arrows-position-inside elementor-pagination-position-outside elementor-widget elementor-widget-image-carousel\" data-id=\"aeccc55\" data-element_type=\"widget\" data-settings=\"{&quot;slides_to_show&quot;:&quot;1&quot;,&quot;navigation&quot;:&quot;both&quot;,&quot;autoplay&quot;:&quot;yes&quot;,&quot;pause_on_hover&quot;:&quot;yes&quot;,&quot;pause_on_interaction&quot;:&quot;yes&quot;,&quot;autoplay_speed&quot;:5000,&quot;infinite&quot;:&quot;yes&quot;,&quot;effect&quot;:&quot;slide&quot;,&quot;speed&quot;:500}\" data-widget_type=\"image-carousel.default\">\n\t\t\t\t<div class=\"elementor-widget-container\">\n\t\t\t\t\t<div class=\"elementor-image-carousel-wrapper swiper-container\" dir=\"ltr\">\n\t\t\t<div class=\"elementor-image-carousel swiper-wrapper\">\n\t\t\t\t\t\t\t\t<div class=\"swiper-slide\"><figure class=\"swiper-slide-inner\"><img decoding=\"async\" class=\"swiper-slide-image\" src=\"https:\/\/victorcovarrubias.com\/wp-content\/uploads\/2023\/02\/BANNER-2-ESTUDIO.png\" alt=\"Director de doblaje Cuernavaca America Inside Out, Photo Ark, National Geographic Symphony for the Earth, Weird but true National Geographic, Dian Fossey, History\" \/><\/figure><\/div><div class=\"swiper-slide\"><figure class=\"swiper-slide-inner\"><img decoding=\"async\" class=\"swiper-slide-image\" src=\"https:\/\/victorcovarrubias.com\/wp-content\/uploads\/2023\/02\/BANNER-4-ESTUDIO.png\" alt=\"Director de doblaje Cuernavaca Uk Strongest Man, Fox, Ranger Rob, Jorge Pereira Rio Heroes, Ovejas y Lobos, The Vice Guide to Film\" \/><\/figure><\/div><div class=\"swiper-slide\"><figure class=\"swiper-slide-inner\"><img decoding=\"async\" class=\"swiper-slide-image\" src=\"https:\/\/victorcovarrubias.com\/wp-content\/uploads\/2023\/02\/BANNER-3-ESTUDIO.png\" alt=\"Director de doblaje Cuernavaca Escape or Die, The Young Pope, Hirin Gespn Ster, Conan, Nahid, Inside North Korea\" \/><\/figure><\/div><div class=\"swiper-slide\"><figure class=\"swiper-slide-inner\"><img decoding=\"async\" class=\"swiper-slide-image\" src=\"https:\/\/victorcovarrubias.com\/wp-content\/uploads\/2023\/02\/BANNER-1-ESTUDIO.png\" alt=\"Director de doblaje Cuernavaca 50 ways to kill your mother, 72 cutest animals, History, The almost impossible Gameshow, Blood Father, Kingdom of the Apes National Geographic, Christmas Land\" \/><\/figure><\/div>\t\t\t<\/div>\n\t\t\t\t\t\t\t\t\t\t\t\t<div class=\"swiper-pagination\"><\/div>\n\t\t\t\t\t\t\t\t\t\t\t\t\t<div class=\"elementor-swiper-button elementor-swiper-button-prev\">\n\t\t\t\t\t\t<i aria-hidden=\"true\" class=\"eicon-chevron-left\"><\/i>\t\t\t\t\t\t<span class=\"elementor-screen-only\">Anterior<\/span>\n\t\t\t\t\t<\/div>\n\t\t\t\t\t<div class=\"elementor-swiper-button elementor-swiper-button-next\">\n\t\t\t\t\t\t<i aria-hidden=\"true\" class=\"eicon-chevron-right\"><\/i>\t\t\t\t\t\t<span class=\"elementor-screen-only\">Siguiente<\/span>\n\t\t\t\t\t<\/div>\n\t\t\t\t\t\t\t\t\t<\/div>\n\t\t\t\t<\/div>\n\t\t\t\t<\/div>\n\t\t\t\t\t\t<\/div>\n\t\t\t\t\t<\/div>\n\t\t<\/div>\n\t\t\t\t\t\t\t\t<\/div>\n\t\t\t\t\t<\/div>\n\t\t<\/section>\n\t\t\t\t\t\t\t\t\t<\/div>\n\t\t\t<\/div>\n\t\t\t\t\t<\/div>\n\t\t","protected":false},"excerpt":{"rendered":"<p>Estudio de grabaci\u00f3n M\u00e9xico Cuernavaca Estudio de grabaci\u00f3n profesional en M\u00e9xico Cuernavaca&nbsp;para trabajar y grabar proyectos de doblaje y locuci\u00f3n comercial. El estudio de Victor Covarrubias, se enfoca en cubrir todos y cada uno de los requerimientos del cliente en su debido tiempo y forma. As\u00ed mismo el estudio&nbsp;del locutor, actor y director de doblaje [&hellip;]<\/p>\n","protected":false},"author":1,"featured_media":1854,"parent":0,"menu_order":0,"comment_status":"closed","ping_status":"closed","template":"","meta":{"_ti_tpc_template_sync":false,"_ti_tpc_template_id":""},"yoast_head":"<!-- This site is optimized with the Yoast SEO plugin v20.2.1 - https:\/\/yoast.com\/wordpress\/plugins\/seo\/ -->\n<title>Estudio de grabaci\u00f3n M\u00e9xico Cuernavaca Victor Covarrubias<\/title>\n<meta name=\"description\" content=\"Estudio de grabaci\u00f3n M\u00e9xico para proyectos de doblaje y locuci\u00f3n. Cumpliendo est\u00e1ndares y tiempos de clientes y agencias de publicidad.\" \/>\n<meta name=\"robots\" content=\"index, follow, max-snippet:-1, max-image-preview:large, max-video-preview:-1\" \/>\n<link rel=\"canonical\" href=\"https:\/\/victorcovarrubias.com\/index.php\/estudio-de-grabacion-mexico-doblaje-locucion-direccion\/\" \/>\n<meta property=\"og:locale\" content=\"es_ES\" \/>\n<meta property=\"og:type\" content=\"article\" \/>\n<meta property=\"og:title\" content=\"Estudio de grabaci\u00f3n M\u00e9xico Cuernavaca Victor Covarrubias\" \/>\n<meta property=\"og:description\" content=\"Estudio de grabaci\u00f3n M\u00e9xico para proyectos de doblaje y locuci\u00f3n. Cumpliendo est\u00e1ndares y tiempos de clientes y agencias de publicidad.\" \/>\n<meta property=\"og:url\" content=\"https:\/\/victorcovarrubias.com\/index.php\/estudio-de-grabacion-mexico-doblaje-locucion-direccion\/\" \/>\n<meta property=\"og:site_name\" content=\"Victor Covarrubias\" \/>\n<meta property=\"article:publisher\" content=\"https:\/\/www.facebook.com\/profile.php?id=100063687031314\" \/>\n<meta property=\"article:modified_time\" content=\"2023-03-20T17:25:32+00:00\" \/>\n<meta property=\"og:image\" content=\"https:\/\/victorcovarrubias.com\/wp-content\/uploads\/2023\/02\/Copia-de-IMG_7484-scaled.jpg\" \/>\n\t<meta property=\"og:image:width\" content=\"2156\" \/>\n\t<meta property=\"og:image:height\" content=\"2560\" \/>\n\t<meta property=\"og:image:type\" content=\"image\/jpeg\" \/>\n<meta name=\"twitter:card\" content=\"summary_large_image\" \/>\n<meta name=\"twitter:label1\" content=\"Tiempo de lectura\" \/>\n\t<meta name=\"twitter:data1\" content=\"3 minutos\" \/>\n<script type=\"application\/ld+json\" class=\"yoast-schema-graph\">{\"@context\":\"https:\/\/schema.org\",\"@graph\":[{\"@type\":\"WebPage\",\"@id\":\"https:\/\/victorcovarrubias.com\/index.php\/estudio-de-grabacion-mexico-doblaje-locucion-direccion\/\",\"url\":\"https:\/\/victorcovarrubias.com\/index.php\/estudio-de-grabacion-mexico-doblaje-locucion-direccion\/\",\"name\":\"Estudio de grabaci\u00f3n M\u00e9xico Cuernavaca Victor Covarrubias\",\"isPartOf\":{\"@id\":\"https:\/\/victorcovarrubias.com\/#website\"},\"datePublished\":\"2022-11-02T18:58:43+00:00\",\"dateModified\":\"2023-03-20T17:25:32+00:00\",\"description\":\"Estudio de grabaci\u00f3n M\u00e9xico para proyectos de doblaje y locuci\u00f3n. Cumpliendo est\u00e1ndares y tiempos de clientes y agencias de publicidad.\",\"breadcrumb\":{\"@id\":\"https:\/\/victorcovarrubias.com\/index.php\/estudio-de-grabacion-mexico-doblaje-locucion-direccion\/#breadcrumb\"},\"inLanguage\":\"es\",\"potentialAction\":[{\"@type\":\"ReadAction\",\"target\":[\"https:\/\/victorcovarrubias.com\/index.php\/estudio-de-grabacion-mexico-doblaje-locucion-direccion\/\"]}]},{\"@type\":\"BreadcrumbList\",\"@id\":\"https:\/\/victorcovarrubias.com\/index.php\/estudio-de-grabacion-mexico-doblaje-locucion-direccion\/#breadcrumb\",\"itemListElement\":[{\"@type\":\"ListItem\",\"position\":1,\"name\":\"Portada\",\"item\":\"https:\/\/victorcovarrubias.com\/\"},{\"@type\":\"ListItem\",\"position\":2,\"name\":\"Estudio\"}]},{\"@type\":\"WebSite\",\"@id\":\"https:\/\/victorcovarrubias.com\/#website\",\"url\":\"https:\/\/victorcovarrubias.com\/\",\"name\":\"Victor Covarrubias Actor de doblaje y locuci\u00f3n\",\"description\":\"Locutor, doblaje y entrenador de voz\",\"publisher\":{\"@id\":\"https:\/\/victorcovarrubias.com\/#\/schema\/person\/c60ee431eb5408078123f45f3c997a5c\"},\"potentialAction\":[{\"@type\":\"SearchAction\",\"target\":{\"@type\":\"EntryPoint\",\"urlTemplate\":\"https:\/\/victorcovarrubias.com\/?s={search_term_string}\"},\"query-input\":\"required name=search_term_string\"}],\"inLanguage\":\"es\"},{\"@type\":[\"Person\",\"Organization\"],\"@id\":\"https:\/\/victorcovarrubias.com\/#\/schema\/person\/c60ee431eb5408078123f45f3c997a5c\",\"name\":\"covasjr\",\"image\":{\"@type\":\"ImageObject\",\"inLanguage\":\"es\",\"@id\":\"https:\/\/victorcovarrubias.com\/#\/schema\/person\/image\/\",\"url\":\"https:\/\/victorcovarrubias.com\/wp-content\/uploads\/2020\/11\/Recurso-6.svg\",\"contentUrl\":\"https:\/\/victorcovarrubias.com\/wp-content\/uploads\/2020\/11\/Recurso-6.svg\",\"width\":244,\"height\":244,\"caption\":\"covasjr\"},\"logo\":{\"@id\":\"https:\/\/victorcovarrubias.com\/#\/schema\/person\/image\/\"},\"sameAs\":[\"http:\/\/victorcovarrubias.com\",\"https:\/\/www.facebook.com\/profile.php?id=100063687031314\",\"https:\/\/www.instagram.com\/vozvictor\/?hl=en\",\"https:\/\/www.youtube.com\/channel\/UC8W3cwPEKI9k20JAD8CBlgA?view_as=subscriber\",\"https:\/\/doblaje.fandom.com\/es\/wiki\/Vctor_Covarrubias\"]}]}<\/script>\n<!-- \/ Yoast SEO plugin. -->","yoast_head_json":{"title":"Estudio de grabaci\u00f3n M\u00e9xico Cuernavaca Victor Covarrubias","description":"Estudio de grabaci\u00f3n M\u00e9xico para proyectos de doblaje y locuci\u00f3n. Cumpliendo est\u00e1ndares y tiempos de clientes y agencias de publicidad.","robots":{"index":"index","follow":"follow","max-snippet":"max-snippet:-1","max-image-preview":"max-image-preview:large","max-video-preview":"max-video-preview:-1"},"canonical":"https:\/\/victorcovarrubias.com\/index.php\/estudio-de-grabacion-mexico-doblaje-locucion-direccion\/","og_locale":"es_ES","og_type":"article","og_title":"Estudio de grabaci\u00f3n M\u00e9xico Cuernavaca Victor Covarrubias","og_description":"Estudio de grabaci\u00f3n M\u00e9xico para proyectos de doblaje y locuci\u00f3n. Cumpliendo est\u00e1ndares y tiempos de clientes y agencias de publicidad.","og_url":"https:\/\/victorcovarrubias.com\/index.php\/estudio-de-grabacion-mexico-doblaje-locucion-direccion\/","og_site_name":"Victor Covarrubias","article_publisher":"https:\/\/www.facebook.com\/profile.php?id=100063687031314","article_modified_time":"2023-03-20T17:25:32+00:00","og_image":[{"width":2156,"height":2560,"url":"https:\/\/victorcovarrubias.com\/wp-content\/uploads\/2023\/02\/Copia-de-IMG_7484-scaled.jpg","type":"image\/jpeg"}],"twitter_card":"summary_large_image","twitter_misc":{"Tiempo de lectura":"3 minutos"},"schema":{"@context":"https:\/\/schema.org","@graph":[{"@type":"WebPage","@id":"https:\/\/victorcovarrubias.com\/index.php\/estudio-de-grabacion-mexico-doblaje-locucion-direccion\/","url":"https:\/\/victorcovarrubias.com\/index.php\/estudio-de-grabacion-mexico-doblaje-locucion-direccion\/","name":"Estudio de grabaci\u00f3n M\u00e9xico Cuernavaca Victor Covarrubias","isPartOf":{"@id":"https:\/\/victorcovarrubias.com\/#website"},"datePublished":"2022-11-02T18:58:43+00:00","dateModified":"2023-03-20T17:25:32+00:00","description":"Estudio de grabaci\u00f3n M\u00e9xico para proyectos de doblaje y locuci\u00f3n. Cumpliendo est\u00e1ndares y tiempos de clientes y agencias de publicidad.","breadcrumb":{"@id":"https:\/\/victorcovarrubias.com\/index.php\/estudio-de-grabacion-mexico-doblaje-locucion-direccion\/#breadcrumb"},"inLanguage":"es","potentialAction":[{"@type":"ReadAction","target":["https:\/\/victorcovarrubias.com\/index.php\/estudio-de-grabacion-mexico-doblaje-locucion-direccion\/"]}]},{"@type":"BreadcrumbList","@id":"https:\/\/victorcovarrubias.com\/index.php\/estudio-de-grabacion-mexico-doblaje-locucion-direccion\/#breadcrumb","itemListElement":[{"@type":"ListItem","position":1,"name":"Portada","item":"https:\/\/victorcovarrubias.com\/"},{"@type":"ListItem","position":2,"name":"Estudio"}]},{"@type":"WebSite","@id":"https:\/\/victorcovarrubias.com\/#website","url":"https:\/\/victorcovarrubias.com\/","name":"Victor Covarrubias Actor de doblaje y locuci\u00f3n","description":"Locutor, doblaje y entrenador de voz","publisher":{"@id":"https:\/\/victorcovarrubias.com\/#\/schema\/person\/c60ee431eb5408078123f45f3c997a5c"},"potentialAction":[{"@type":"SearchAction","target":{"@type":"EntryPoint","urlTemplate":"https:\/\/victorcovarrubias.com\/?s={search_term_string}"},"query-input":"required name=search_term_string"}],"inLanguage":"es"},{"@type":["Person","Organization"],"@id":"https:\/\/victorcovarrubias.com\/#\/schema\/person\/c60ee431eb5408078123f45f3c997a5c","name":"covasjr","image":{"@type":"ImageObject","inLanguage":"es","@id":"https:\/\/victorcovarrubias.com\/#\/schema\/person\/image\/","url":"https:\/\/victorcovarrubias.com\/wp-content\/uploads\/2020\/11\/Recurso-6.svg","contentUrl":"https:\/\/victorcovarrubias.com\/wp-content\/uploads\/2020\/11\/Recurso-6.svg","width":244,"height":244,"caption":"covasjr"},"logo":{"@id":"https:\/\/victorcovarrubias.com\/#\/schema\/person\/image\/"},"sameAs":["http:\/\/victorcovarrubias.com","https:\/\/www.facebook.com\/profile.php?id=100063687031314","https:\/\/www.instagram.com\/vozvictor\/?hl=en","https:\/\/www.youtube.com\/channel\/UC8W3cwPEKI9k20JAD8CBlgA?view_as=subscriber","https:\/\/doblaje.fandom.com\/es\/wiki\/Vctor_Covarrubias"]}]}},"_links":{"self":[{"href":"https:\/\/victorcovarrubias.com\/index.php\/wp-json\/wp\/v2\/pages\/1208"}],"collection":[{"href":"https:\/\/victorcovarrubias.com\/index.php\/wp-json\/wp\/v2\/pages"}],"about":[{"href":"https:\/\/victorcovarrubias.com\/index.php\/wp-json\/wp\/v2\/types\/page"}],"author":[{"embeddable":true,"href":"https:\/\/victorcovarrubias.com\/index.php\/wp-json\/wp\/v2\/users\/1"}],"replies":[{"embeddable":true,"href":"https:\/\/victorcovarrubias.com\/index.php\/wp-json\/wp\/v2\/comments?post=1208"}],"version-history":[{"count":116,"href":"https:\/\/victorcovarrubias.com\/index.php\/wp-json\/wp\/v2\/pages\/1208\/revisions"}],"predecessor-version":[{"id":2286,"href":"https:\/\/victorcovarrubias.com\/index.php\/wp-json\/wp\/v2\/pages\/1208\/revisions\/2286"}],"wp:featuredmedia":[{"embeddable":true,"href":"https:\/\/victorcovarrubias.com\/index.php\/wp-json\/wp\/v2\/media\/1854"}],"wp:attachment":[{"href":"https:\/\/victorcovarrubias.com\/index.php\/wp-json\/wp\/v2\/media?parent=1208"}],"curies":[{"name":"wp","href":"https:\/\/api.w.org\/{rel}","templated":true}]}}